{"id":967,"date":"2017-01-02T21:41:55","date_gmt":"2017-01-02T20:41:55","guid":{"rendered":"http:\/\/www.landgasthof-koller.de\/wp\/?page_id=967"},"modified":"2025-01-30T17:18:26","modified_gmt":"2025-01-30T16:18:26","slug":"hotel","status":"publish","type":"page","link":"https:\/\/www.landgasthof-koller.de\/wp\/gasthof\/hotel\/","title":{"rendered":"Hotel"},"content":{"rendered":"<p>Ob f\u00fcr Sie selbst oder die G\u00e4ste Ihrer Feier: wir bieten Ihnen gem\u00fctliche Fremdenzimmer mit Dusche, WC, Telefon und SAT-TV direkt im Landgasthof. Wir geben Ihnen bei Anfrage gerne Auskunft \u00fcber Verf\u00fcgbarkeit!<\/p>\n<p>Folgende Zimmer bieten wir Ihnen an:<\/p>\n<ul>\n<li>Hochzeitszimmer\n<ul>\n<li>eine Nacht 60.- Euro<\/li>\n<li>ab 2 N\u00e4chte 55.-<\/li>\n<li>Fr\u00fchst\u00fcck 9.- Euro<\/li>\n<li>jeweils pro Person pro Nacht<\/li>\n<\/ul>\n<\/li>\n<li>Doppelzimmer Standard\n<ul>\n<li>eine Nacht 50.- Euro<\/li>\n<li>ab 2 N\u00e4chte 45.- Euro<\/li>\n<li>Fr\u00fchst\u00fcck 9.- Euro<\/li>\n<li>jeweils pro Person pro Nacht<\/li>\n<\/ul>\n<\/li>\n<li>Einzelzimmer\n<ul>\n<li>eine Nacht 70.- Euro<\/li>\n<li>ab 2 N\u00e4chte 65.- Euro<\/li>\n<li>Fr\u00fchst\u00fcck 9.- Euro<\/li>\n<li>jeweils pro Person pro Nacht<\/li>\n<\/ul>\n<\/li>\n<\/ul>\n<p>&nbsp;<\/p>\n<div id='gallery-1' class='gallery galleryid-967 gallery-columns-4 gallery-size-medium'><figure class='gallery-item'>\n\t\t\t<div class='gallery-icon landscape'>\n\t\t\t\t<a href='https:\/\/www.landgasthof-koller.de\/wp\/wp-content\/uploads\/2015\/09\/StefanieMatthias_0746.jpg'><img loading=\"lazy\" decoding=\"async\" width=\"300\" height=\"200\" src=\"https:\/\/www.landgasthof-koller.de\/wp\/wp-content\/uploads\/2015\/09\/StefanieMatthias_0746-300x200.jpg\" class=\"attachment-medium size-medium\" alt=\"\" srcset=\"https:\/\/www.landgasthof-koller.de\/wp\/wp-content\/uploads\/2015\/09\/StefanieMatthias_0746-300x200.jpg 300w, https:\/\/www.landgasthof-koller.de\/wp\/wp-content\/uploads\/2015\/09\/StefanieMatthias_0746-768x512.jpg 768w, https:\/\/www.landgasthof-koller.de\/wp\/wp-content\/uploads\/2015\/09\/StefanieMatthias_0746-1024x683.jpg 1024w, https:\/\/www.landgasthof-koller.de\/wp\/wp-content\/uploads\/2015\/09\/StefanieMatthias_0746-600x400.jpg 600w\" sizes=\"auto, (max-width: 300px) 100vw, 300px\" \/><\/a>\n\t\t\t<\/div><\/figure><figure class='gallery-item'>\n\t\t\t<div class='gallery-icon landscape'>\n\t\t\t\t<a href='https:\/\/www.landgasthof-koller.de\/wp\/wp-content\/uploads\/2015\/09\/Landgasthof-Koller-021.jpg'><img loading=\"lazy\" decoding=\"async\" width=\"300\" height=\"214\" src=\"https:\/\/www.landgasthof-koller.de\/wp\/wp-content\/uploads\/2015\/09\/Landgasthof-Koller-021-300x214.jpg\" class=\"attachment-medium size-medium\" alt=\"\" srcset=\"https:\/\/www.landgasthof-koller.de\/wp\/wp-content\/uploads\/2015\/09\/Landgasthof-Koller-021-300x214.jpg 300w, https:\/\/www.landgasthof-koller.de\/wp\/wp-content\/uploads\/2015\/09\/Landgasthof-Koller-021-768x548.jpg 768w, https:\/\/www.landgasthof-koller.de\/wp\/wp-content\/uploads\/2015\/09\/Landgasthof-Koller-021-1024x731.jpg 1024w\" sizes=\"auto, (max-width: 300px) 100vw, 300px\" \/><\/a>\n\t\t\t<\/div><\/figure><figure class='gallery-item'>\n\t\t\t<div class='gallery-icon landscape'>\n\t\t\t\t<a href='https:\/\/www.landgasthof-koller.de\/wp\/wp-content\/uploads\/2015\/09\/Landgasthof-Koller-013.jpg'><img loading=\"lazy\" decoding=\"async\" width=\"300\" height=\"214\" src=\"https:\/\/www.landgasthof-koller.de\/wp\/wp-content\/uploads\/2015\/09\/Landgasthof-Koller-013-300x214.jpg\" class=\"attachment-medium size-medium\" alt=\"\" srcset=\"https:\/\/www.landgasthof-koller.de\/wp\/wp-content\/uploads\/2015\/09\/Landgasthof-Koller-013-300x214.jpg 300w, https:\/\/www.landgasthof-koller.de\/wp\/wp-content\/uploads\/2015\/09\/Landgasthof-Koller-013-768x548.jpg 768w, https:\/\/www.landgasthof-koller.de\/wp\/wp-content\/uploads\/2015\/09\/Landgasthof-Koller-013-1024x731.jpg 1024w\" sizes=\"auto, (max-width: 300px) 100vw, 300px\" \/><\/a>\n\t\t\t<\/div><\/figure><figure class='gallery-item'>\n\t\t\t<div class='gallery-icon landscape'>\n\t\t\t\t<a href='https:\/\/www.landgasthof-koller.de\/wp\/wp-content\/uploads\/2015\/09\/Landgasthof-Koller-015.jpg'><img loading=\"lazy\" decoding=\"async\" width=\"300\" height=\"214\" src=\"https:\/\/www.landgasthof-koller.de\/wp\/wp-content\/uploads\/2015\/09\/Landgasthof-Koller-015-300x214.jpg\" class=\"attachment-medium size-medium\" alt=\"\" srcset=\"https:\/\/www.landgasthof-koller.de\/wp\/wp-content\/uploads\/2015\/09\/Landgasthof-Koller-015-300x214.jpg 300w, https:\/\/www.landgasthof-koller.de\/wp\/wp-content\/uploads\/2015\/09\/Landgasthof-Koller-015-768x548.jpg 768w, https:\/\/www.landgasthof-koller.de\/wp\/wp-content\/uploads\/2015\/09\/Landgasthof-Koller-015-1024x731.jpg 1024w\" sizes=\"auto, (max-width: 300px) 100vw, 300px\" \/><\/a>\n\t\t\t<\/div><\/figure><figure class='gallery-item'>\n\t\t\t<div class='gallery-icon portrait'>\n\t\t\t\t<a href='https:\/\/www.landgasthof-koller.de\/wp\/wp-content\/uploads\/2015\/09\/Landgasthof-Koller-044.jpg'><img loading=\"lazy\" decoding=\"async\" width=\"214\" height=\"300\" src=\"https:\/\/www.landgasthof-koller.de\/wp\/wp-content\/uploads\/2015\/09\/Landgasthof-Koller-044-214x300.jpg\" class=\"attachment-medium size-medium\" alt=\"\" srcset=\"https:\/\/www.landgasthof-koller.de\/wp\/wp-content\/uploads\/2015\/09\/Landgasthof-Koller-044-214x300.jpg 214w, https:\/\/www.landgasthof-koller.de\/wp\/wp-content\/uploads\/2015\/09\/Landgasthof-Koller-044-768x1076.jpg 768w, https:\/\/www.landgasthof-koller.de\/wp\/wp-content\/uploads\/2015\/09\/Landgasthof-Koller-044-731x1024.jpg 731w, https:\/\/www.landgasthof-koller.de\/wp\/wp-content\/uploads\/2015\/09\/Landgasthof-Koller-044.jpg 1500w\" sizes=\"auto, (max-width: 214px) 100vw, 214px\" \/><\/a>\n\t\t\t<\/div><\/figure><figure class='gallery-item'>\n\t\t\t<div class='gallery-icon portrait'>\n\t\t\t\t<a href='https:\/\/www.landgasthof-koller.de\/wp\/wp-content\/uploads\/2015\/09\/Landgasthof-Koller-048.jpg'><img loading=\"lazy\" decoding=\"async\" width=\"214\" height=\"300\" src=\"https:\/\/www.landgasthof-koller.de\/wp\/wp-content\/uploads\/2015\/09\/Landgasthof-Koller-048-214x300.jpg\" class=\"attachment-medium size-medium\" alt=\"\" srcset=\"https:\/\/www.landgasthof-koller.de\/wp\/wp-content\/uploads\/2015\/09\/Landgasthof-Koller-048-214x300.jpg 214w, https:\/\/www.landgasthof-koller.de\/wp\/wp-content\/uploads\/2015\/09\/Landgasthof-Koller-048-768x1076.jpg 768w, https:\/\/www.landgasthof-koller.de\/wp\/wp-content\/uploads\/2015\/09\/Landgasthof-Koller-048-731x1024.jpg 731w, https:\/\/www.landgasthof-koller.de\/wp\/wp-content\/uploads\/2015\/09\/Landgasthof-Koller-048.jpg 1500w\" sizes=\"auto, (max-width: 214px) 100vw, 214px\" \/><\/a>\n\t\t\t<\/div><\/figure><figure class='gallery-item'>\n\t\t\t<div class='gallery-icon portrait'>\n\t\t\t\t<a href='https:\/\/www.landgasthof-koller.de\/wp\/wp-content\/uploads\/2015\/09\/Landgasthof-Koller-033.jpg'><img loading=\"lazy\" decoding=\"async\" width=\"214\" height=\"300\" src=\"https:\/\/www.landgasthof-koller.de\/wp\/wp-content\/uploads\/2015\/09\/Landgasthof-Koller-033-214x300.jpg\" class=\"attachment-medium size-medium\" alt=\"\" srcset=\"https:\/\/www.landgasthof-koller.de\/wp\/wp-content\/uploads\/2015\/09\/Landgasthof-Koller-033-214x300.jpg 214w, https:\/\/www.landgasthof-koller.de\/wp\/wp-content\/uploads\/2015\/09\/Landgasthof-Koller-033-768x1076.jpg 768w, https:\/\/www.landgasthof-koller.de\/wp\/wp-content\/uploads\/2015\/09\/Landgasthof-Koller-033-731x1024.jpg 731w, https:\/\/www.landgasthof-koller.de\/wp\/wp-content\/uploads\/2015\/09\/Landgasthof-Koller-033.jpg 1500w\" sizes=\"auto, (max-width: 214px) 100vw, 214px\" \/><\/a>\n\t\t\t<\/div><\/figure><figure class='gallery-item'>\n\t\t\t<div class='gallery-icon portrait'>\n\t\t\t\t<a href='https:\/\/www.landgasthof-koller.de\/wp\/wp-content\/uploads\/2015\/09\/Landgasthof-Koller-070.jpg'><img loading=\"lazy\" decoding=\"async\" width=\"214\" height=\"300\" src=\"https:\/\/www.landgasthof-koller.de\/wp\/wp-content\/uploads\/2015\/09\/Landgasthof-Koller-070-214x300.jpg\" class=\"attachment-medium size-medium\" alt=\"\" srcset=\"https:\/\/www.landgasthof-koller.de\/wp\/wp-content\/uploads\/2015\/09\/Landgasthof-Koller-070-214x300.jpg 214w, https:\/\/www.landgasthof-koller.de\/wp\/wp-content\/uploads\/2015\/09\/Landgasthof-Koller-070-768x1076.jpg 768w, https:\/\/www.landgasthof-koller.de\/wp\/wp-content\/uploads\/2015\/09\/Landgasthof-Koller-070-731x1024.jpg 731w, https:\/\/www.landgasthof-koller.de\/wp\/wp-content\/uploads\/2015\/09\/Landgasthof-Koller-070.jpg 1500w\" sizes=\"auto, (max-width: 214px) 100vw, 214px\" \/><\/a>\n\t\t\t<\/div><\/figure><figure class='gallery-item'>\n\t\t\t<div class='gallery-icon landscape'>\n\t\t\t\t<a href='https:\/\/www.landgasthof-koller.de\/wp\/wp-content\/uploads\/2015\/09\/Landgasthof-Koller-094.jpg'><img loading=\"lazy\" decoding=\"async\" width=\"300\" height=\"214\" src=\"https:\/\/www.landgasthof-koller.de\/wp\/wp-content\/uploads\/2015\/09\/Landgasthof-Koller-094-300x214.jpg\" class=\"attachment-medium size-medium\" alt=\"\" srcset=\"https:\/\/www.landgasthof-koller.de\/wp\/wp-content\/uploads\/2015\/09\/Landgasthof-Koller-094-300x214.jpg 300w, https:\/\/www.landgasthof-koller.de\/wp\/wp-content\/uploads\/2015\/09\/Landgasthof-Koller-094-768x548.jpg 768w, https:\/\/www.landgasthof-koller.de\/wp\/wp-content\/uploads\/2015\/09\/Landgasthof-Koller-094-1024x731.jpg 1024w\" sizes=\"auto, (max-width: 300px) 100vw, 300px\" \/><\/a>\n\t\t\t<\/div><\/figure><figure class='gallery-item'>\n\t\t\t<div class='gallery-icon landscape'>\n\t\t\t\t<a href='https:\/\/www.landgasthof-koller.de\/wp\/wp-content\/uploads\/2015\/09\/Landgasthof-Koller-079.jpg'><img loading=\"lazy\" decoding=\"async\" width=\"300\" height=\"214\" src=\"https:\/\/www.landgasthof-koller.de\/wp\/wp-content\/uploads\/2015\/09\/Landgasthof-Koller-079-300x214.jpg\" class=\"attachment-medium size-medium\" alt=\"\" srcset=\"https:\/\/www.landgasthof-koller.de\/wp\/wp-content\/uploads\/2015\/09\/Landgasthof-Koller-079-300x214.jpg 300w, https:\/\/www.landgasthof-koller.de\/wp\/wp-content\/uploads\/2015\/09\/Landgasthof-Koller-079-768x548.jpg 768w, https:\/\/www.landgasthof-koller.de\/wp\/wp-content\/uploads\/2015\/09\/Landgasthof-Koller-079-1024x731.jpg 1024w\" sizes=\"auto, (max-width: 300px) 100vw, 300px\" \/><\/a>\n\t\t\t<\/div><\/figure>\n\t\t<\/div>\n\n","protected":false},"excerpt":{"rendered":"<p>Ob f\u00fcr Sie selbst oder die G\u00e4ste Ihrer Feier: wir bieten Ihnen gem\u00fctliche Fremdenzimmer mit Dusche, WC, Telefon und SAT-TV direkt im Landgasthof. Wir geben [&hellip;]<\/p>\n","protected":false},"author":1,"featured_media":0,"parent":954,"menu_order":30,"comment_status":"closed","ping_status":"closed","template":"","meta":{"footnotes":""},"class_list":["post-967","page","type-page","status-publish","hentry"],"_links":{"self":[{"href":"https:\/\/www.landgasthof-koller.de\/wp\/wp-json\/wp\/v2\/pages\/967","targetHints":{"allow":["GET"]}}],"collection":[{"href":"https:\/\/www.landgasthof-koller.de\/wp\/wp-json\/wp\/v2\/pages"}],"about":[{"href":"https:\/\/www.landgasthof-koller.de\/wp\/wp-json\/wp\/v2\/types\/page"}],"author":[{"embeddable":true,"href":"https:\/\/www.landgasthof-koller.de\/wp\/wp-json\/wp\/v2\/users\/1"}],"replies":[{"embeddable":true,"href":"https:\/\/www.landgasthof-koller.de\/wp\/wp-json\/wp\/v2\/comments?post=967"}],"version-history":[{"count":12,"href":"https:\/\/www.landgasthof-koller.de\/wp\/wp-json\/wp\/v2\/pages\/967\/revisions"}],"predecessor-version":[{"id":2150,"href":"https:\/\/www.landgasthof-koller.de\/wp\/wp-json\/wp\/v2\/pages\/967\/revisions\/2150"}],"up":[{"embeddable":true,"href":"https:\/\/www.landgasthof-koller.de\/wp\/wp-json\/wp\/v2\/pages\/954"}],"wp:attachment":[{"href":"https:\/\/www.landgasthof-koller.de\/wp\/wp-json\/wp\/v2\/media?parent=967"}],"curies":[{"name":"wp","href":"https:\/\/api.w.org\/{rel}","templated":true}]}}